{"id":111,"date":"2025-08-19T10:23:44","date_gmt":"2025-08-19T08:23:44","guid":{"rendered":"http:\/\/almaita.es\/?page_id=111"},"modified":"2026-02-09T12:07:33","modified_gmt":"2026-02-09T11:07:33","slug":"politica-de-cookies","status":"publish","type":"page","link":"http:\/\/almaita.es\/es\/politica-de-cookies\/","title":{"rendered":"Pol\u00edtica de Cookies"},"content":{"rendered":"<p><b>POL\u00cdTICA DE COOKIES<\/b><\/p>\n<p><b>\u00a0<\/b><\/p>\n<p><b>\u00bfQu\u00e9 son las cookies?\u00a0<\/b><\/p>\n<p><span style=\"font-weight: 400;\">Las cookies son peque\u00f1os ficheros con informaci\u00f3n que se almacenan en tu navegador web al acceder y usar determinadas p\u00e1ginas web. Estos ficheros permiten que las p\u00e1ginas web puedan recuperar informaci\u00f3n sobre tus h\u00e1bitos y preferencias de navegaci\u00f3n o sobre el dispositivo desde el que te conectas.<\/span><\/p>\n<p><span style=\"font-weight: 400;\">A pesar de que son fundamentales para prestar un buen servicio, en funci\u00f3n del tipo de informaci\u00f3n que contengan pueden resultar peligrosas para tu privacidad. Por este motivo, la legislaci\u00f3n espa\u00f1ola ha establecido que para instalar determinados tipos de cookies en el navegador de los usuarios es necesario informar previamente y obtener el consentimiento de los mismos. Mediante la presente Pol\u00edtica de cookies queremos informarte claramente y de modo suficiente sobre el tipo de cookies que empleamos en este sitio web.<\/span><\/p>\n<p><span style=\"font-weight: 400;\">\u00a0<\/span><\/p>\n<p><b>\u00bfQu\u00e9 tipo de cookies empleamos?\u00a0<\/b><\/p>\n<p><span style=\"font-weight: 400;\">En esta web empleamos cookies con la finalidad de facilitar tu navegaci\u00f3n y proporcionarte una mejor experiencia de navegaci\u00f3n. Las cookies que empleamos se pueden dividir en las siguientes categor\u00edas:<\/span><\/p>\n<p><span style=\"font-weight: 400;\">Seg\u00fan desde donde son enviadas:\u00a0<\/span><\/p>\n<ol>\n<li style=\"font-weight: 400;\" aria-level=\"1\"><span style=\"font-weight: 400;\">Cookies propias<\/span><span style=\"font-weight: 400;\">: Son aquellas de las que es responsable el propio editor y que, generalmente, se env\u00edan al equipo terminal del usuario desde un equipo o dominio gestionado por el propio editor y desde el que se presta el servicio solicitado por el usuario.<\/span><\/li>\n<li style=\"font-weight: 400;\" aria-level=\"1\"><span style=\"font-weight: 400;\">Cookies de terceros<\/span><span style=\"font-weight: 400;\">: Son aquellas de las que es responsable una entidad distinta del editor y que, generalmente, se env\u00edan al equipo terminal del usuario desde un equipo o dominio que no es gestionado por el editor, sino por otra entidad que trata los datos obtenidos a trav\u00e9s de las cookies.<\/span><\/li>\n<\/ol>\n<p><span style=\"font-weight: 400;\">Seg\u00fan el plazo de tiempo que permanecen activadas:<\/span><\/p>\n<ol>\n<li style=\"font-weight: 400;\" aria-level=\"1\"><span style=\"font-weight: 400;\">Cookies de sesi\u00f3n<\/span><span style=\"font-weight: 400;\">: dise\u00f1adas para recabar y almacenar datos mientras el usuario accede a nuestra p\u00e1gina web. Se suelen emplear para almacenar informaci\u00f3n que solo interesa conservar para la prestaci\u00f3n del servicio solicitado por el usuario en una sola ocasi\u00f3n.<\/span><\/li>\n<li style=\"font-weight: 400;\" aria-level=\"1\"><span style=\"font-weight: 400;\">Cookies persistentes<\/span><span style=\"font-weight: 400;\">: los datos siguen almacenados en el terminal y pueden ser accedidos y tratados durante un periodo definido por el responsable de la cookie, y que puede ir de unos minutos a varios a\u00f1os.<\/span><\/li>\n<\/ol>\n<p><span style=\"font-weight: 400;\">Seg\u00fan su finalidad:\u00a0<\/span><\/p>\n<ol>\n<li style=\"font-weight: 400;\" aria-level=\"1\"><span style=\"font-weight: 400;\">Cookies t\u00e9cnicas<\/span><span style=\"font-weight: 400;\">: son esenciales para el funcionamiento de la web. Permiten al usuario la navegaci\u00f3n y la utilizaci\u00f3n de las diferentes opciones o servicios que existan como, por ejemplo, controlar el tr\u00e1fico y la comunicaci\u00f3n de datos, identificar la sesi\u00f3n, acceder a partes de acceso restringido, utilizar elementos de seguridad durante la navegaci\u00f3n o compartir contenidos a trav\u00e9s de redes sociales.<\/span><\/li>\n<li style=\"font-weight: 400;\" aria-level=\"1\"><span style=\"font-weight: 400;\">Cookies anal\u00edticas<\/span><span style=\"font-weight: 400;\">: tienen por finalidad analizar el comportamiento y el uso que hace el usuario de la Web. Permiten cuantificar el n\u00famero de usuarios que visitan el Sitio Web e identificar qu\u00e9 capas del Sitio Web son m\u00e1s visitadas y, por tanto, m\u00e1s populares.\u00a0<\/span><\/li>\n<li style=\"font-weight: 400;\" aria-level=\"1\"><span style=\"font-weight: 400;\">Cookies de personalizaci\u00f3n<\/span><span style=\"font-weight: 400;\">: permiten al usuario acceder al servicio con algunas caracter\u00edsticas de car\u00e1cter general predefinidas en funci\u00f3n de una serie de criterios en el terminal del usuario como por ejemplo ser\u00edan el idioma, el tipo de navegador a trav\u00e9s del cual accede al servicio, la configuraci\u00f3n regional desde donde accede al servicio, etc.<\/span><\/li>\n<\/ol>\n<p>&nbsp;<\/p>\n<p><span style=\"font-weight: 400;\">El Sitio Web utiliza Google Analytics, un servicio anal\u00edtico de web prestado por Google, Inc., (en adelante, \u201cGoogle\u201d) una compa\u00f1\u00eda de Delaware cuya oficina principal est\u00e1 en 1600 Amphitheatre Parkway, Mountain View (California), CA 94043, Estados Unidos. Google Analytics emplea cookies para ayudar al Sitio Web a analizar el uso del mismo que hacen los usuarios. La informaci\u00f3n que genera la cookie acerca de su uso del Sitio Web ser\u00e1 directamente transmitida y archivada por Google en los servidores de Estados Unidos. Google usar\u00e1 esta informaci\u00f3n para seguir la pista de su uso del sitio web, recopilando informes de la actividad del sitio web y prestando otros servicios relacionados con la actividad del sitio web y el uso de Internet.\u00a0<\/span><\/p>\n<p><span style=\"font-weight: 400;\">Si quieres obtener m\u00e1s informaci\u00f3n sobre el uso de cookies anal\u00edticas de Google empleadas en el Sitio Web, consulta el siguiente link:\u00a0<\/span><\/p>\n<p><a href=\"https:\/\/developers.google.com\/analytics\/devguides\/collection\/analyticsjs\/cookie-usage?hl=es\"><span style=\"font-weight: 400;\">https:\/\/developers.google.com\/analytics\/devguides\/collection\/analyticsjs\/cookie-usage?hl=es<\/span><\/a><span style=\"font-weight: 400;\">.<\/span><\/p>\n<p><span style=\"font-weight: 400;\">\u00a0<\/span><\/p>\n<p><b>\u00bfC\u00f3mo puedes controlar las cookies?\u00a0<\/b><\/p>\n<p><span style=\"font-weight: 400;\">Es importante que sepas que en cualquier momento puedes configurar tus preferencias respecto a nuestro portal y a los terceros que instalan cookies siguiendo cualquiera de las siguientes opciones:<\/span><\/p>\n<ul>\n<li style=\"font-weight: 400;\" aria-level=\"1\"><span style=\"font-weight: 400;\">Accediendo a <\/span><b>Configuraci\u00f3n cookies<\/b><span style=\"font-weight: 400;\">, cuyo enlace encontrar\u00e1s en el pie de nuestra p\u00e1gina.<\/span><\/li>\n<li style=\"font-weight: 400;\" aria-level=\"1\"><span style=\"font-weight: 400;\">Tambi\u00e9n, puedes modificar f\u00e1cilmente las preferencias de tu navegador para controlar que cookies acceden a tu ordenador y cuales prefieres limitar, pudiendo ciertos servicios no quedar disponibles.<\/span><\/li>\n<\/ul>\n<p><span style=\"font-weight: 400;\">Esta \u00faltima opci\u00f3n suele encontrarse en el men\u00fa de \u201copciones\u201d o \u201cpreferencias\u201d en los navegadores. Si empleas alguno de los siguientes, solamente tendr\u00e1s que seleccionar el enlace y seguir las instrucciones que desde la p\u00e1gina enlazada se indiquen:<\/span><\/p>\n<ul>\n<li style=\"font-weight: 400;\" aria-level=\"1\"><a href=\"https:\/\/support.microsoft.com\/es-es\/help\/17442\/windows-internet-explorer-delete-manage-cookies\"><span style=\"font-weight: 400;\">Preferencias de <\/span><i><span style=\"font-weight: 400;\">cookies<\/span><\/i><span style=\"font-weight: 400;\"> en Internet Explorer<\/span><\/a><\/li>\n<li style=\"font-weight: 400;\" aria-level=\"1\"><a href=\"https:\/\/privacy.microsoft.com\/es-ES\/windows-10-microsoft-edge-and-privacy\"><span style=\"font-weight: 400;\">Preferencias de Microsoft Edge<\/span><\/a><\/li>\n<li style=\"font-weight: 400;\" aria-level=\"1\"><a href=\"https:\/\/support.google.com\/chrome\/answer\/95647?co=GENIE.Platform%3DDesktop&amp;hl=es\"><span style=\"font-weight: 400;\">Preferencias de <\/span><i><span style=\"font-weight: 400;\">cookies<\/span><\/i><span style=\"font-weight: 400;\"> en Chrome<\/span><\/a><\/li>\n<li style=\"font-weight: 400;\" aria-level=\"1\"><a href=\"https:\/\/support.mozilla.org\/es\/kb\/Borrar%20cookies\"><span style=\"font-weight: 400;\">Preferencias de <\/span><i><span style=\"font-weight: 400;\">cookies<\/span><\/i><span style=\"font-weight: 400;\"> en Firefox<\/span><\/a><\/li>\n<li style=\"font-weight: 400;\" aria-level=\"1\"><a href=\"https:\/\/support.apple.com\/es-es\/HT201265\"><span style=\"font-weight: 400;\">Preferencias de <\/span><i><span style=\"font-weight: 400;\">cookies<\/span><\/i><span style=\"font-weight: 400;\"> en Safari<\/span><\/a><\/li>\n<\/ul>\n<p><span style=\"font-weight: 400;\">\u00a0<\/span><\/p>\n<p><b>\u00a0Modificaciones de la Pol\u00edtica de cookies<\/b><\/p>\n<p><span style=\"font-weight: 400;\">Ponemos a tu disposici\u00f3n la presente Pol\u00edtica de cookies para que puedas consultarla, archivarla o imprimirla siempre que lo estimes conveniente. Es posible que la misma sufra modificaciones como consecuencia de cambios en la p\u00e1gina web o en las cookies empleadas, novedades legislativas o jurisprudenciales o el establecimiento de nuevos criterios de la Agencia Espa\u00f1ola de Protecci\u00f3n de Datos o Autoridad de Control correspondiente (<\/span><a href=\"http:\/\/www.aepd.es\/\"><span style=\"font-weight: 400;\">www.aepd.es<\/span><\/a><span style=\"font-weight: 400;\">). Por ello, nos reservamos el derecho a modificar la presente Pol\u00edtica de cookies en cualquier momento.\u00a0<\/span><\/p>\n<p><span style=\"font-weight: 400;\">Si deseas contactar con nosotros respecto nuestra pol\u00edtica de cookies, puedes hacerlo en<\/span> <a href=\"mailto:comercial@almaita.es\"><span style=\"font-weight: 400;\">comercial@almaita.es<\/span><\/a><span style=\"font-weight: 400;\">.<\/span><\/p>\n<p><span style=\"font-weight: 400;\">\u00a0<\/span><b>\u00daltima fecha de actualizaci\u00f3n: diciembre de 2025<\/b><\/p>\n","protected":false},"excerpt":{"rendered":"<p>POL\u00cdTICA DE COOKIES \u00a0 \u00bfQu\u00e9 son las cookies?\u00a0 Las cookies son peque\u00f1os ficheros con informaci\u00f3n que se almacenan en tu navegador web al acceder y usar determinadas p\u00e1ginas web. Estos ficheros permiten que las p\u00e1ginas web puedan recuperar informaci\u00f3n sobre tus h\u00e1bitos y preferencias de navegaci\u00f3n o sobre el dispositivo desde el que te conectas. [&hellip;]<\/p>\n","protected":false},"author":2,"featured_media":0,"parent":0,"menu_order":0,"comment_status":"closed","ping_status":"closed","template":"","meta":{"footnotes":""},"class_list":["post-111","page","type-page","status-publish","hentry"],"yoast_head":"<!-- This site is optimized with the Yoast SEO plugin v26.8 - https:\/\/yoast.com\/product\/yoast-seo-wordpress\/ -->\n<title>Pol\u00edtica de Cookies - Almaita<\/title>\n<meta name=\"robots\" content=\"index, follow, max-snippet:-1, max-image-preview:large, max-video-preview:-1\" \/>\n<link rel=\"canonical\" href=\"http:\/\/almaita.es\/es\/politica-de-cookies\/\" \/>\n<meta property=\"og:locale\" content=\"es_ES\" \/>\n<meta property=\"og:type\" content=\"article\" \/>\n<meta property=\"og:title\" content=\"Pol\u00edtica de Cookies - Almaita\" \/>\n<meta property=\"og:description\" content=\"POL\u00cdTICA DE COOKIES \u00a0 \u00bfQu\u00e9 son las cookies?\u00a0 Las cookies son peque\u00f1os ficheros con informaci\u00f3n que se almacenan en tu navegador web al acceder y usar determinadas p\u00e1ginas web. Estos ficheros permiten que las p\u00e1ginas web puedan recuperar informaci\u00f3n sobre tus h\u00e1bitos y preferencias de navegaci\u00f3n o sobre el dispositivo desde el que te conectas. [&hellip;]\" \/>\n<meta property=\"og:url\" content=\"http:\/\/almaita.es\/es\/politica-de-cookies\/\" \/>\n<meta property=\"og:site_name\" content=\"Almaita\" \/>\n<meta property=\"article:modified_time\" content=\"2026-02-09T11:07:33+00:00\" \/>\n<meta name=\"twitter:card\" content=\"summary_large_image\" \/>\n<meta name=\"twitter:label1\" content=\"Tiempo de lectura\" \/>\n\t<meta name=\"twitter:data1\" content=\"5 minutos\" \/>\n<script type=\"application\/ld+json\" class=\"yoast-schema-graph\">{\"@context\":\"https:\/\/schema.org\",\"@graph\":[{\"@type\":\"WebPage\",\"@id\":\"http:\/\/almaita.es\/es\/politica-de-cookies\/\",\"url\":\"http:\/\/almaita.es\/es\/politica-de-cookies\/\",\"name\":\"Pol\u00edtica de Cookies - Almaita\",\"isPartOf\":{\"@id\":\"http:\/\/almaita.es\/es\/#website\"},\"datePublished\":\"2025-08-19T08:23:44+00:00\",\"dateModified\":\"2026-02-09T11:07:33+00:00\",\"breadcrumb\":{\"@id\":\"http:\/\/almaita.es\/es\/politica-de-cookies\/#breadcrumb\"},\"inLanguage\":\"es\",\"potentialAction\":[{\"@type\":\"ReadAction\",\"target\":[\"http:\/\/almaita.es\/es\/politica-de-cookies\/\"]}]},{\"@type\":\"BreadcrumbList\",\"@id\":\"http:\/\/almaita.es\/es\/politica-de-cookies\/#breadcrumb\",\"itemListElement\":[{\"@type\":\"ListItem\",\"position\":1,\"name\":\"Portada\",\"item\":\"http:\/\/almaita.es\/es\/\"},{\"@type\":\"ListItem\",\"position\":2,\"name\":\"Pol\u00edtica de Cookies\"}]},{\"@type\":\"WebSite\",\"@id\":\"http:\/\/almaita.es\/es\/#website\",\"url\":\"http:\/\/almaita.es\/es\/\",\"name\":\"Almaita\",\"description\":\"\",\"potentialAction\":[{\"@type\":\"SearchAction\",\"target\":{\"@type\":\"EntryPoint\",\"urlTemplate\":\"http:\/\/almaita.es\/es\/?s={search_term_string}\"},\"query-input\":{\"@type\":\"PropertyValueSpecification\",\"valueRequired\":true,\"valueName\":\"search_term_string\"}}],\"inLanguage\":\"es\"}]}<\/script>\n<!-- \/ Yoast SEO plugin. -->","yoast_head_json":{"title":"Pol\u00edtica de Cookies - Almaita","robots":{"index":"index","follow":"follow","max-snippet":"max-snippet:-1","max-image-preview":"max-image-preview:large","max-video-preview":"max-video-preview:-1"},"canonical":"http:\/\/almaita.es\/es\/politica-de-cookies\/","og_locale":"es_ES","og_type":"article","og_title":"Pol\u00edtica de Cookies - Almaita","og_description":"POL\u00cdTICA DE COOKIES \u00a0 \u00bfQu\u00e9 son las cookies?\u00a0 Las cookies son peque\u00f1os ficheros con informaci\u00f3n que se almacenan en tu navegador web al acceder y usar determinadas p\u00e1ginas web. Estos ficheros permiten que las p\u00e1ginas web puedan recuperar informaci\u00f3n sobre tus h\u00e1bitos y preferencias de navegaci\u00f3n o sobre el dispositivo desde el que te conectas. [&hellip;]","og_url":"http:\/\/almaita.es\/es\/politica-de-cookies\/","og_site_name":"Almaita","article_modified_time":"2026-02-09T11:07:33+00:00","twitter_card":"summary_large_image","twitter_misc":{"Tiempo de lectura":"5 minutos"},"schema":{"@context":"https:\/\/schema.org","@graph":[{"@type":"WebPage","@id":"http:\/\/almaita.es\/es\/politica-de-cookies\/","url":"http:\/\/almaita.es\/es\/politica-de-cookies\/","name":"Pol\u00edtica de Cookies - Almaita","isPartOf":{"@id":"http:\/\/almaita.es\/es\/#website"},"datePublished":"2025-08-19T08:23:44+00:00","dateModified":"2026-02-09T11:07:33+00:00","breadcrumb":{"@id":"http:\/\/almaita.es\/es\/politica-de-cookies\/#breadcrumb"},"inLanguage":"es","potentialAction":[{"@type":"ReadAction","target":["http:\/\/almaita.es\/es\/politica-de-cookies\/"]}]},{"@type":"BreadcrumbList","@id":"http:\/\/almaita.es\/es\/politica-de-cookies\/#breadcrumb","itemListElement":[{"@type":"ListItem","position":1,"name":"Portada","item":"http:\/\/almaita.es\/es\/"},{"@type":"ListItem","position":2,"name":"Pol\u00edtica de Cookies"}]},{"@type":"WebSite","@id":"http:\/\/almaita.es\/es\/#website","url":"http:\/\/almaita.es\/es\/","name":"Almaita","description":"","potentialAction":[{"@type":"SearchAction","target":{"@type":"EntryPoint","urlTemplate":"http:\/\/almaita.es\/es\/?s={search_term_string}"},"query-input":{"@type":"PropertyValueSpecification","valueRequired":true,"valueName":"search_term_string"}}],"inLanguage":"es"}]}},"_links":{"self":[{"href":"http:\/\/almaita.es\/es\/wp-json\/wp\/v2\/pages\/111","targetHints":{"allow":["GET"]}}],"collection":[{"href":"http:\/\/almaita.es\/es\/wp-json\/wp\/v2\/pages"}],"about":[{"href":"http:\/\/almaita.es\/es\/wp-json\/wp\/v2\/types\/page"}],"author":[{"embeddable":true,"href":"http:\/\/almaita.es\/es\/wp-json\/wp\/v2\/users\/2"}],"replies":[{"embeddable":true,"href":"http:\/\/almaita.es\/es\/wp-json\/wp\/v2\/comments?post=111"}],"version-history":[{"count":3,"href":"http:\/\/almaita.es\/es\/wp-json\/wp\/v2\/pages\/111\/revisions"}],"predecessor-version":[{"id":293,"href":"http:\/\/almaita.es\/es\/wp-json\/wp\/v2\/pages\/111\/revisions\/293"}],"wp:attachment":[{"href":"http:\/\/almaita.es\/es\/wp-json\/wp\/v2\/media?parent=111"}],"curies":[{"name":"wp","href":"https:\/\/api.w.org\/{rel}","templated":true}]}}